{"id":99,"date":"2021-04-10T17:38:53","date_gmt":"2021-04-10T15:38:53","guid":{"rendered":"http:\/\/arcesdg.cluster026.hosting.ovh.net\/?page_id=99"},"modified":"2026-04-11T08:36:46","modified_gmt":"2026-04-11T06:36:46","slug":"comptes-rendus-des-cm","status":"publish","type":"page","link":"http:\/\/arcesdg.cluster026.hosting.ovh.net\/index.php\/comptes-rendus-des-cm\/","title":{"rendered":"Comptes rendus des CM"},"content":{"rendered":"\n<p><\/p>\n\n\n\n<h2 class=\"wp-block-heading\"><strong>2026<\/strong><\/h2>\n\n\n\n<ul class=\"wp-block-list\">\n<li><a href=\"http:\/\/arcesdg.cluster026.hosting.ovh.net\/index.php\/2026\/04\/11\/liste-des-deliberations-du-conseil-municipal-du-02-04-2026\/\" data-type=\"link\" data-id=\"http:\/\/arcesdg.cluster026.hosting.ovh.net\/index.php\/2026\/04\/11\/liste-des-deliberations-du-conseil-municipal-du-02-04-2026\/\" target=\"_blank\" rel=\"noreferrer noopener\">LISTE DES D\u00c9LIB\u00c9RATIONS DU CM DU 02.04.2026<\/a><\/li>\n<\/ul>\n\n\n\n<h2 class=\"wp-block-heading\"><strong>2025<\/strong><\/h2>\n\n\n\n<p>CR de la s\u00e9ance du 18 septembre 2025<\/p>\n\n\n\n<p><a href=\"http:\/\/arcesdg.cluster026.hosting.ovh.net\/wp-content\/uploads\/2025\/12\/ANNEXE-2025-27-PV-18-09-2025.pdf\" data-type=\"link\" data-id=\"http:\/\/arcesdg.cluster026.hosting.ovh.net\/wp-content\/uploads\/2025\/12\/ANNEXE-2025-27-PV-18-09-2025.pdf\">http:\/\/arcesdg.cluster026.hosting.ovh.net\/wp-content\/uploads\/2025\/12\/ANNEXE-2025-27-PV-18-09-2025.pdf<\/a>025<\/p>\n\n\n\n<p><a href=\"http:\/\/arcesdg.cluster026.hosting.ovh.net\/wp-content\/uploads\/2025\/10\/ANNEXE-2025-22-PV-CM-26-06-2025.pdf\" data-type=\"link\" data-id=\"http:\/\/arcesdg.cluster026.hosting.ovh.net\/wp-content\/uploads\/2025\/10\/ANNEXE-2025-22-PV-CM-26-06-2025.pdf\">CR de la s\u00e9ance du 26 juin 2025<\/a><\/p>\n\n\n\n<p><a href=\"http:\/\/arcesdg.cluster026.hosting.ovh.net\/wp-content\/uploads\/2025\/07\/ANNEXE-2025-12-PV-CM-13-03-2025.pdf\" data-type=\"link\" data-id=\"http:\/\/arcesdg.cluster026.hosting.ovh.net\/wp-content\/uploads\/2025\/07\/ANNEXE-2025-12-PV-CM-13-03-2025.pdf\">CR de la s\u00e9ance du 13 mars 2025<\/a><\/p>\n\n\n\n<h2 class=\"wp-block-heading\"><strong>2024<\/strong><\/h2>\n\n\n\n<p><a href=\"http:\/\/arcesdg.cluster026.hosting.ovh.net\/wp-content\/uploads\/2025\/03\/ANNEXE-2025-01-PV-13-12-2024.pdf\" data-type=\"link\" data-id=\"http:\/\/arcesdg.cluster026.hosting.ovh.net\/wp-content\/uploads\/2025\/03\/ANNEXE-2025-01-PV-13-12-2024.pdf\">CR de la s\u00e9ance du 13 d\u00e9cembre 2024<\/a><\/p>\n\n\n\n<p><a href=\"http:\/\/arcesdg.cluster026.hosting.ovh.net\/wp-content\/uploads\/2024\/12\/ANNEXE-2024-46-PV-14-11-2024.pdf\" data-type=\"link\" data-id=\"http:\/\/arcesdg.cluster026.hosting.ovh.net\/wp-content\/uploads\/2024\/12\/ANNEXE-2024-46-PV-14-11-2024.pdf\">CR de la s\u00e9ance du 14 novembre 2024<\/a><\/p>\n\n\n\n<p><a href=\"http:\/\/arcesdg.cluster026.hosting.ovh.net\/wp-content\/uploads\/2024\/11\/4-PV-19-09-2024.pdf\" data-type=\"link\" data-id=\"http:\/\/arcesdg.cluster026.hosting.ovh.net\/wp-content\/uploads\/2024\/11\/4-PV-19-09-2024.pdf\">CR de la s\u00e9ance du 19 septembre 2024<\/a><\/p>\n\n\n\n<p><a href=\"http:\/\/arcesdg.cluster026.hosting.ovh.net\/wp-content\/uploads\/2024\/09\/ANNEXE-2024-32-PV-20-06-2024.pdf\" data-type=\"link\" data-id=\"http:\/\/arcesdg.cluster026.hosting.ovh.net\/wp-content\/uploads\/2024\/09\/ANNEXE-2024-32-PV-20-06-2024.pdf\">CR de la s\u00e9ance du 20 juin 2024<\/a><\/p>\n\n\n\n<p><a href=\"http:\/\/arcesdg.cluster026.hosting.ovh.net\/wp-content\/uploads\/2024\/06\/CM-2024-26-PV-02-05-2024.pdf\" data-type=\"link\" data-id=\"http:\/\/arcesdg.cluster026.hosting.ovh.net\/wp-content\/uploads\/2024\/06\/CM-2024-26-PV-02-05-2024.pdf\">CR de la s\u00e9ance du 2 mai 2024<\/a><\/p>\n\n\n\n<p><a href=\"http:\/\/arcesdg.cluster026.hosting.ovh.net\/wp-content\/uploads\/2024\/05\/ANNEXE-2024-20-PV-28-03-2024.pdf\" data-type=\"link\" data-id=\"http:\/\/arcesdg.cluster026.hosting.ovh.net\/wp-content\/uploads\/2024\/05\/ANNEXE-2024-20-PV-28-03-2024.pdf\">CR de la s\u00e9ance du 28 mars 2024<\/a><\/p>\n\n\n\n<p><a href=\"http:\/\/arcesdg.cluster026.hosting.ovh.net\/wp-content\/uploads\/2024\/04\/ANNEXE-2024-05-PV-CM-07-02-2024.pdf\" data-type=\"link\" data-id=\"http:\/\/arcesdg.cluster026.hosting.ovh.net\/wp-content\/uploads\/2024\/04\/ANNEXE-2024-05-PV-CM-07-02-2024.pdf\">CR de la s\u00e9ance du 7 f\u00e9vrier 2024<\/a><\/p>\n\n\n\n<h2 class=\"wp-block-heading\"><strong>2023<\/strong><\/h2>\n\n\n\n<p><a href=\"http:\/\/arcesdg.cluster026.hosting.ovh.net\/wp-content\/uploads\/2024\/02\/PV-CM-13-12-2023.pdf\" data-type=\"link\" data-id=\"http:\/\/arcesdg.cluster026.hosting.ovh.net\/wp-content\/uploads\/2024\/02\/PV-CM-13-12-2023.pdf\">CR de la s\u00e9ance du 13 d\u00e9cembre 2023<\/a><\/p>\n\n\n\n<p><a href=\"http:\/\/arcesdg.cluster026.hosting.ovh.net\/wp-content\/uploads\/2023\/12\/ANNEXE-2023-49-PV-19-10-202317255.pdf\" data-type=\"link\" data-id=\"http:\/\/arcesdg.cluster026.hosting.ovh.net\/wp-content\/uploads\/2023\/12\/ANNEXE-2023-49-PV-19-10-202317255.pdf\">CR de la s\u00e9ance du 19 octobre 2023<\/a><\/p>\n\n\n\n<p><a href=\"http:\/\/arcesdg.cluster026.hosting.ovh.net\/wp-content\/uploads\/2023\/09\/4-PV-21-09-2023.pdf\" data-type=\"link\" data-id=\"http:\/\/arcesdg.cluster026.hosting.ovh.net\/wp-content\/uploads\/2023\/09\/4-PV-21-09-2023.pdf\">CR de la s\u00e9ance du 21 septembre 2023<\/a><\/p>\n\n\n\n<p><a href=\"http:\/\/arcesdg.cluster026.hosting.ovh.net\/wp-content\/uploads\/2023\/06\/PV-30-03-2023.pdf\" data-type=\"URL\" data-id=\"http:\/\/arcesdg.cluster026.hosting.ovh.net\/wp-content\/uploads\/2023\/06\/PV-30-03-2023.pdf\" target=\"_blank\" rel=\"noreferrer noopener\">CR de la s\u00e9ance du 30 mars 2023<\/a><\/p>\n\n\n\n<p><a rel=\"noreferrer noopener\" href=\"http:\/\/arcesdg.cluster026.hosting.ovh.net\/wp-content\/uploads\/2023\/04\/ANNEXE-2023-06-PV-CM-26-01-202314916.pdf\" data-type=\"URL\" data-id=\"http:\/\/arcesdg.cluster026.hosting.ovh.net\/wp-content\/uploads\/2023\/04\/ANNEXE-2023-06-PV-CM-26-01-202314916.pdf\" target=\"_blank\">CR de la s\u00e9ance du 26 janvier 2023<\/a><\/p>\n\n\n\n<h2 class=\"wp-block-heading\" id=\"2022\"><\/h2>\n\n\n\n<p><\/p>\n\n\n\n<p><\/p>\n","protected":false},"excerpt":{"rendered":"<p>2026 2025 CR de la s\u00e9ance du 18 septembre 2025 http:\/\/arcesdg.cluster026.hosting.ovh.net\/wp-content\/uploads\/2025\/12\/ANNEXE-2025-27-PV-18-09-2025.pdf025 CR de la s\u00e9ance du 26 juin 2025 CR de la s\u00e9ance du 13 mars 2025 2024 CR de la s\u00e9ance du 13 d\u00e9cembre 2024 CR de la s\u00e9ance du 14 novembre 2024 CR de la s\u00e9ance du 19 septembre 2024 CR de la &hellip; <\/p>\n<p class=\"link-more\"><a href=\"http:\/\/arcesdg.cluster026.hosting.ovh.net\/index.php\/comptes-rendus-des-cm\/\" class=\"more-link\">Continuer la lecture<span class=\"screen-reader-text\"> de &laquo;&nbsp;Comptes rendus des CM&nbsp;&raquo;<\/span><\/a><\/p>\n","protected":false},"author":1,"featured_media":0,"parent":0,"menu_order":0,"comment_status":"closed","ping_status":"closed","template":"","meta":{"footnotes":""},"class_list":["post-99","page","type-page","status-publish","hentry"],"_links":{"self":[{"href":"http:\/\/arcesdg.cluster026.hosting.ovh.net\/index.php\/wp-json\/wp\/v2\/pages\/99","targetHints":{"allow":["GET"]}}],"collection":[{"href":"http:\/\/arcesdg.cluster026.hosting.ovh.net\/index.php\/wp-json\/wp\/v2\/pages"}],"about":[{"href":"http:\/\/arcesdg.cluster026.hosting.ovh.net\/index.php\/wp-json\/wp\/v2\/types\/page"}],"author":[{"embeddable":true,"href":"http:\/\/arcesdg.cluster026.hosting.ovh.net\/index.php\/wp-json\/wp\/v2\/users\/1"}],"replies":[{"embeddable":true,"href":"http:\/\/arcesdg.cluster026.hosting.ovh.net\/index.php\/wp-json\/wp\/v2\/comments?post=99"}],"version-history":[{"count":72,"href":"http:\/\/arcesdg.cluster026.hosting.ovh.net\/index.php\/wp-json\/wp\/v2\/pages\/99\/revisions"}],"predecessor-version":[{"id":2444,"href":"http:\/\/arcesdg.cluster026.hosting.ovh.net\/index.php\/wp-json\/wp\/v2\/pages\/99\/revisions\/2444"}],"wp:attachment":[{"href":"http:\/\/arcesdg.cluster026.hosting.ovh.net\/index.php\/wp-json\/wp\/v2\/media?parent=99"}],"curies":[{"name":"wp","href":"https:\/\/api.w.org\/{rel}","templated":true}]}}