{"id":181,"date":"2021-04-10T17:54:36","date_gmt":"2021-04-10T15:54:36","guid":{"rendered":"http:\/\/arcesdg.cluster026.hosting.ovh.net\/?page_id=181"},"modified":"2021-04-21T15:59:06","modified_gmt":"2021-04-21T13:59:06","slug":"dilo","status":"publish","type":"page","link":"http:\/\/arcesdg.cluster026.hosting.ovh.net\/index.php\/dilo\/","title":{"rendered":"Dilo"},"content":{"rendered":"\n<h2 class=\"has-text-color wp-block-heading\" style=\"color:#902b33\"><strong>Abbaye Notre Dame de Dilo<\/strong><\/h2>\n\n\n\n<p class=\"has-drop-cap\">Vers 1135, l\u2019Ordre Chanoines r\u00e9guliers de Pr\u00e9montr\u00e9 peut commencer la construction de l\u2019\u0092Abbaye gr\u00e2ce \u00e0 la donation du Roi Louis VI le Gros et \u00e0 Henri Sanglier, Archev\u00eaque de Sens.<br>D\u2019\u0092autres dons vont permettre aux Chanoines d\u0092\u2019agrandir leur domaine. Par ailleurs l\u2019\u0092abbaye verra les grands seigneurs des environs l\u2019\u00e9lire pour s\u00e9pulture, ce qui favorisera les cr\u00e9ations comme celles du gisant de la Comtesse A\u00e9lis, et l\u2019\u0092all\u00e9gorie de l\u2019\u0092Insouciance.<br>Le 19 mai 1168 Thomas Becket Archev\u00eaque de Cantorb\u00e9ry consacre l\u2019\u00c9glise abbatiale de Dilo.<br>Au cours des si\u00e8cles les Pr\u00e9montr\u00e9s vont cultiver leurs terres, planter des vignes, \u00e9lever du b\u00e9tail et mettre en place diverses structures de transformation : moulins \u00e0 eau et \u00e0 vent, fabrication de verres, extraction de minerai de fer.<br>Au XIV\u00e8me si\u00e8cle, les guerres puis les luttes entre les Pr\u00e9montr\u00e9s et les Seigneurs \u00e9trangers \u00e0 l\u2019\u0092ordre nomm\u00e9s \u00e0 la t\u00eate de leur congr\u00e9gation, affaiblissent le rayonnement de l\u2019\u0092Abbaye.<br>Apr\u00e8s le renouveau au XVII\u00e8me si\u00e8cle, cons\u00e8quence de la Contre R\u00e9forme, la R\u00e9volution met un terme \u00e0 son influence : les possessions de l\u2019Abbaye sont d\u00e9cr\u00e9t\u00e9es bien national et vendu \u00e0 l\u2019\u0092encan.<br>Au milieu du XIX\u00e8me Si\u00e8cle l\u0092\u2019artiste Victor Petit dessine les ruines de l\u2019\u0092Abbaye. Le 8 ao\u00fbt 1842, le Conseil Municipal d\u00e9cide de les vendre, pour qu\u0092\u2019elles soient d\u00e9molies en raison de leur dangerosit\u00e9.<\/p>\n\n\n\n<p><br><strong>\u00c9glise Saint Cartault de Dilo<\/strong><br>Lors de Contre R\u00e9forme au XVII\u00e8me si\u00e8cle, les religieux d\u00e9cident de donner aux habitants de Dilo une \u00e9glise qui leur appartienne en propre. Le 6 ao\u00fbt 1692, la Chapelle Saint Cartault est solennellement b\u00e9nite et livr\u00e9e au culte. Vo\u00fbt\u00e9e de lambris, longue d\u2019environ 8x5m, ouverte \u00e0 l&nbsp;\u0091est par deux fen\u00eatres cette Chapelle demeurera l\u2019\u00e9glise paroissiale du petit village desservis par les Pr\u00e9montr\u00e9s.. A milieu du XIX\u00e8me si\u00e8cle, l\u0092\u2019unique cloche rescap\u00e9e de la R\u00e9volution est sur le petit clocheteau de charpente au dessus de la porte d\u0092ent\u00e9e. Elle porte l\u2019\u0092inscription suivante :&nbsp;<strong>DEO . OP.MAX LAVDATE EVM<br>IN CYMBALIS BENE SONANTIBVS<br>MARIA VIRGO ASSVMPTA EST CELVM<br>DILO 1684<\/strong><\/p>\n\n\n\n<p><br>Depuis 300 ans, cette Chapelle r\u00e9serv\u00e9e aux paroissiens de Dilo, poss\u00e8de toujours son ma\u00eetre-autel ionique et le buste de son saint patron : St Cartault.<br>A dieu tr\u00e8s bon et tr\u00e8s grand. Louez le au son des Cymbales retentissantes. La vierge Marie a \u00e9t\u00e9 \u00e9lev\u00e9e au ciel. Dilo 1684<\/p>\n","protected":false},"excerpt":{"rendered":"<p>Abbaye Notre Dame de Dilo Vers 1135, l\u2019Ordre Chanoines r\u00e9guliers de Pr\u00e9montr\u00e9 peut commencer la construction de l\u2019\u0092Abbaye gr\u00e2ce \u00e0 la donation du Roi Louis VI le Gros et \u00e0 Henri Sanglier, Archev\u00eaque de Sens.D\u2019\u0092autres dons vont permettre aux Chanoines d\u0092\u2019agrandir leur domaine. Par ailleurs l\u2019\u0092abbaye verra les grands seigneurs des environs l\u2019\u00e9lire pour s\u00e9pulture, &hellip; <\/p>\n<p class=\"link-more\"><a href=\"http:\/\/arcesdg.cluster026.hosting.ovh.net\/index.php\/dilo\/\" class=\"more-link\">Continuer la lecture<span class=\"screen-reader-text\"> de &laquo;&nbsp;Dilo&nbsp;&raquo;<\/span><\/a><\/p>\n","protected":false},"author":1,"featured_media":0,"parent":0,"menu_order":0,"comment_status":"closed","ping_status":"closed","template":"","meta":{"footnotes":""},"class_list":["post-181","page","type-page","status-publish","hentry"],"_links":{"self":[{"href":"http:\/\/arcesdg.cluster026.hosting.ovh.net\/index.php\/wp-json\/wp\/v2\/pages\/181","targetHints":{"allow":["GET"]}}],"collection":[{"href":"http:\/\/arcesdg.cluster026.hosting.ovh.net\/index.php\/wp-json\/wp\/v2\/pages"}],"about":[{"href":"http:\/\/arcesdg.cluster026.hosting.ovh.net\/index.php\/wp-json\/wp\/v2\/types\/page"}],"author":[{"embeddable":true,"href":"http:\/\/arcesdg.cluster026.hosting.ovh.net\/index.php\/wp-json\/wp\/v2\/users\/1"}],"replies":[{"embeddable":true,"href":"http:\/\/arcesdg.cluster026.hosting.ovh.net\/index.php\/wp-json\/wp\/v2\/comments?post=181"}],"version-history":[{"count":4,"href":"http:\/\/arcesdg.cluster026.hosting.ovh.net\/index.php\/wp-json\/wp\/v2\/pages\/181\/revisions"}],"predecessor-version":[{"id":492,"href":"http:\/\/arcesdg.cluster026.hosting.ovh.net\/index.php\/wp-json\/wp\/v2\/pages\/181\/revisions\/492"}],"wp:attachment":[{"href":"http:\/\/arcesdg.cluster026.hosting.ovh.net\/index.php\/wp-json\/wp\/v2\/media?parent=181"}],"curies":[{"name":"wp","href":"https:\/\/api.w.org\/{rel}","templated":true}]}}