{"id":175,"date":"2021-04-10T17:53:39","date_gmt":"2021-04-10T15:53:39","guid":{"rendered":"http:\/\/arcesdg.cluster026.hosting.ovh.net\/?page_id=175"},"modified":"2021-04-21T18:47:28","modified_gmt":"2021-04-21T16:47:28","slug":"recensement","status":"publish","type":"page","link":"http:\/\/arcesdg.cluster026.hosting.ovh.net\/index.php\/recensement\/","title":{"rendered":"Recensement"},"content":{"rendered":"\n<h2 class=\"has-text-color wp-block-heading\" style=\"color:#902b33\"><strong>Bient\u00f4t 16 ans ! Pensez au recensement, c&rsquo;est obligatoire.<\/strong><\/h2>\n\n\n\n<p>Les adolescents doivent se faire recenser imp\u00e9rativement d\u00e8s 16 ans. Pour cela, ils doivent se pr\u00e9senter au secr\u00e9tariat de la mairie aux jours et heures de permanence (voir les horaires <a href=\"http:\/\/arcesdg.cluster026.hosting.ovh.net\/index.php\/contact-2\/\" data-type=\"URL\" data-id=\"http:\/\/arcesdg.cluster026.hosting.ovh.net\/index.php\/contact-2\/\" target=\"_blank\" rel=\"noreferrer noopener\">ici<\/a>).<\/p>\n\n\n\n<p>Pi\u00e8ces \u00e0 fournir :<\/p>\n\n\n\n<p>La carte d&rsquo;identit\u00e9 de l&rsquo;adolescent ainsi que le livret de familles des parents.<\/p>\n\n\n\n<p>La pr\u00e9sence de l&rsquo;adolescent est obligatoire.<\/p>\n","protected":false},"excerpt":{"rendered":"<p>Bient\u00f4t 16 ans ! Pensez au recensement, c&rsquo;est obligatoire. Les adolescents doivent se faire recenser imp\u00e9rativement d\u00e8s 16 ans. Pour cela, ils doivent se pr\u00e9senter au secr\u00e9tariat de la mairie aux jours et heures de permanence (voir les horaires ici). Pi\u00e8ces \u00e0 fournir : La carte d&rsquo;identit\u00e9 de l&rsquo;adolescent ainsi que le livret de familles &hellip; <\/p>\n<p class=\"link-more\"><a href=\"http:\/\/arcesdg.cluster026.hosting.ovh.net\/index.php\/recensement\/\" class=\"more-link\">Continuer la lecture<span class=\"screen-reader-text\"> de &laquo;&nbsp;Recensement&nbsp;&raquo;<\/span><\/a><\/p>\n","protected":false},"author":1,"featured_media":0,"parent":0,"menu_order":0,"comment_status":"closed","ping_status":"closed","template":"","meta":{"footnotes":""},"class_list":["post-175","page","type-page","status-publish","hentry"],"_links":{"self":[{"href":"http:\/\/arcesdg.cluster026.hosting.ovh.net\/index.php\/wp-json\/wp\/v2\/pages\/175","targetHints":{"allow":["GET"]}}],"collection":[{"href":"http:\/\/arcesdg.cluster026.hosting.ovh.net\/index.php\/wp-json\/wp\/v2\/pages"}],"about":[{"href":"http:\/\/arcesdg.cluster026.hosting.ovh.net\/index.php\/wp-json\/wp\/v2\/types\/page"}],"author":[{"embeddable":true,"href":"http:\/\/arcesdg.cluster026.hosting.ovh.net\/index.php\/wp-json\/wp\/v2\/users\/1"}],"replies":[{"embeddable":true,"href":"http:\/\/arcesdg.cluster026.hosting.ovh.net\/index.php\/wp-json\/wp\/v2\/comments?post=175"}],"version-history":[{"count":6,"href":"http:\/\/arcesdg.cluster026.hosting.ovh.net\/index.php\/wp-json\/wp\/v2\/pages\/175\/revisions"}],"predecessor-version":[{"id":515,"href":"http:\/\/arcesdg.cluster026.hosting.ovh.net\/index.php\/wp-json\/wp\/v2\/pages\/175\/revisions\/515"}],"wp:attachment":[{"href":"http:\/\/arcesdg.cluster026.hosting.ovh.net\/index.php\/wp-json\/wp\/v2\/media?parent=175"}],"curies":[{"name":"wp","href":"https:\/\/api.w.org\/{rel}","templated":true}]}}