{"id":166,"date":"2021-04-10T17:52:21","date_gmt":"2021-04-10T15:52:21","guid":{"rendered":"http:\/\/arcesdg.cluster026.hosting.ovh.net\/?page_id=166"},"modified":"2024-12-29T09:56:32","modified_gmt":"2024-12-29T08:56:32","slug":"transports","status":"publish","type":"page","link":"http:\/\/arcesdg.cluster026.hosting.ovh.net\/index.php\/transports\/","title":{"rendered":"Transports"},"content":{"rendered":"\n<p>Transports autocar Mobigo : <a rel=\"noreferrer noopener\" href=\"https:\/\/www.viamobigo.fr\/\" data-type=\"URL\" data-id=\"https:\/\/www.viamobigo.fr\/\" target=\"_blank\">www.viamobigo.fr<\/a><\/p>\n\n\n\n<p>Qu\u2019est-ce que le transport \u00e0 la demande&nbsp;?<\/p>\n\n\n\n<p>C\u2019est un transport collectif en petits v\u00e9hicules 9 places accessibles \u00e9galement aux Personnes \u00e0 Mobilit\u00e9 R\u00e9duite.<\/p>\n\n\n\n<p>Le conducteur vient vous chercher au plus pr\u00e8s de votre domicile pour vous emmener dans le bourg le plus proche.<\/p>\n\n\n\n<p>Que ce soit pour vos rendez-vous m\u00e9dicaux, vos loisirs, vos achats, vos courses, vos d\u00e9marches administratives\u2026<\/p>\n\n\n\n<p>Fr\u00e9quence 2 fois par semaine<\/p>\n\n\n\n<p>Les tarifs sont consultables sur le site viamobigo.fr, rubrique&nbsp;tarifs\/boutiques\/titres et tarifs<\/p>\n\n\n\n<p>Ticket en vente \u00e0 bord<\/p>\n\n\n\n<p>Que faire \u00e0 Migennes&nbsp;?<\/p>\n\n\n\n<p>March\u00e9, Commerces, Restaurants\/caf\u00e9s, Cabinets m\u00e9dicaux et infirmiers, Pharmacies<\/p>\n\n\n\n<p>Les horaires&nbsp;(p\u00e9riode scolaire et vacances)<\/p>\n\n\n\n<p><strong>Aller<\/strong><\/p>\n\n\n\n<p>ARCES-DILO Abri pl du lavoir&nbsp;: 9h00<\/p>\n\n\n\n<p>MIGENNES March\u00e9 Couvert&nbsp;: 9h45<\/p>\n\n\n\n<p><strong>Retour<\/strong><\/p>\n\n\n\n<p>MIGENNES March\u00e9 Couvert&nbsp;: 11h30<\/p>\n\n\n\n<p>ARCES-DILO Abri pl du lavoir&nbsp;: 12h15<\/p>\n\n\n\n<p>*La ligne ne circule pas les jours f\u00e9ri\u00e9s<\/p>\n\n\n\n<p>Sur R\u00e9servation au 03 80 11 29 29<\/p>\n\n\n\n<p><\/p>\n\n\n\n<p><strong>TAXI<\/strong><\/p>\n\n\n\n<p>Etoile Taxi =&gt; T\u00e8l : 06.30.02.66.43<\/p>\n","protected":false},"excerpt":{"rendered":"<p>Transports autocar Mobigo : www.viamobigo.fr Qu\u2019est-ce que le transport \u00e0 la demande&nbsp;? C\u2019est un transport collectif en petits v\u00e9hicules 9 places accessibles \u00e9galement aux Personnes \u00e0 Mobilit\u00e9 R\u00e9duite. Le conducteur vient vous chercher au plus pr\u00e8s de votre domicile pour vous emmener dans le bourg le plus proche. Que ce soit pour vos rendez-vous m\u00e9dicaux, &hellip; <\/p>\n<p class=\"link-more\"><a href=\"http:\/\/arcesdg.cluster026.hosting.ovh.net\/index.php\/transports\/\" class=\"more-link\">Continuer la lecture<span class=\"screen-reader-text\"> de &laquo;&nbsp;Transports&nbsp;&raquo;<\/span><\/a><\/p>\n","protected":false},"author":1,"featured_media":0,"parent":0,"menu_order":0,"comment_status":"closed","ping_status":"closed","template":"","meta":{"footnotes":""},"class_list":["post-166","page","type-page","status-publish","hentry"],"_links":{"self":[{"href":"http:\/\/arcesdg.cluster026.hosting.ovh.net\/index.php\/wp-json\/wp\/v2\/pages\/166","targetHints":{"allow":["GET"]}}],"collection":[{"href":"http:\/\/arcesdg.cluster026.hosting.ovh.net\/index.php\/wp-json\/wp\/v2\/pages"}],"about":[{"href":"http:\/\/arcesdg.cluster026.hosting.ovh.net\/index.php\/wp-json\/wp\/v2\/types\/page"}],"author":[{"embeddable":true,"href":"http:\/\/arcesdg.cluster026.hosting.ovh.net\/index.php\/wp-json\/wp\/v2\/users\/1"}],"replies":[{"embeddable":true,"href":"http:\/\/arcesdg.cluster026.hosting.ovh.net\/index.php\/wp-json\/wp\/v2\/comments?post=166"}],"version-history":[{"count":8,"href":"http:\/\/arcesdg.cluster026.hosting.ovh.net\/index.php\/wp-json\/wp\/v2\/pages\/166\/revisions"}],"predecessor-version":[{"id":2247,"href":"http:\/\/arcesdg.cluster026.hosting.ovh.net\/index.php\/wp-json\/wp\/v2\/pages\/166\/revisions\/2247"}],"wp:attachment":[{"href":"http:\/\/arcesdg.cluster026.hosting.ovh.net\/index.php\/wp-json\/wp\/v2\/media?parent=166"}],"curies":[{"name":"wp","href":"https:\/\/api.w.org\/{rel}","templated":true}]}}