{"id":163,"date":"2021-04-10T17:52:06","date_gmt":"2021-04-10T15:52:06","guid":{"rendered":"http:\/\/arcesdg.cluster026.hosting.ovh.net\/?page_id=163"},"modified":"2025-08-26T20:15:58","modified_gmt":"2025-08-26T18:15:58","slug":"professions-medicales","status":"publish","type":"page","link":"http:\/\/arcesdg.cluster026.hosting.ovh.net\/index.php\/professions-medicales\/","title":{"rendered":"Professions m\u00e9dicales"},"content":{"rendered":"\n<div class=\"wp-block-group\"><div class=\"wp-block-group__inner-container is-layout-flow wp-block-group-is-layout-flow\">\n<h2 class=\"wp-block-heading has-text-color\" id=\"cabinet-infirmier\" style=\"color:#902b33\"><strong>Cabinet infirmier<\/strong><\/h2>\n\n\n\n<p>23 bis Grande Rue<\/p>\n\n\n\n<p style=\"line-height:0.5\">Christelle ERGO<\/p>\n\n\n\n<p>Marion MULLER <\/p>\n\n\n\n<p style=\"line-height:0.5\">T\u00e9l : 06.80.88.56.03<\/p>\n<\/div><\/div>\n\n\n\n<div class=\"wp-block-group is-vertical is-layout-flex wp-container-core-group-is-layout-8cf370e7 wp-block-group-is-layout-flex\">\n<h2 class=\"wp-block-heading has-text-color\" id=\"ehpad\" style=\"color:#902b33\"><strong>Ehpad<\/strong><\/h2>\n<\/div>\n\n\n\n<p style=\"line-height:0.5\">43 bis Route de Saint-Florentin<\/p>\n\n\n\n<p style=\"line-height:0.5\">89320 Arces-Dilo<\/p>\n\n\n\n<p style=\"line-height:0.5\">T\u00e9l : 03.86.67.29.00<\/p>\n\n\n\n<h2 class=\"wp-block-heading has-text-color\" id=\"maison-de-sante\" style=\"color:#902b33\"><strong>Maison de sant\u00e9<\/strong><\/h2>\n\n\n\n<p style=\"line-height:0.5\">89320 Cerisiers<\/p>\n\n\n\n<p style=\"line-height:0.5\">T\u00e9l : 03.86.96.22.73<\/p>\n\n\n\n<p style=\"line-height:0.5\">89190 Villeneuve l&rsquo;Archev\u00eaque<\/p>\n\n\n\n<p style=\"line-height:0.5\">T\u00e9l : 03.86.97.62.90<\/p>\n","protected":false},"excerpt":{"rendered":"<p>Cabinet infirmier 23 bis Grande Rue Christelle ERGO Marion MULLER T\u00e9l : 06.80.88.56.03 Ehpad 43 bis Route de Saint-Florentin 89320 Arces-Dilo T\u00e9l : 03.86.67.29.00 Maison de sant\u00e9 89320 Cerisiers T\u00e9l : 03.86.96.22.73 89190 Villeneuve l&rsquo;Archev\u00eaque T\u00e9l : 03.86.97.62.90<\/p>\n","protected":false},"author":1,"featured_media":0,"parent":0,"menu_order":0,"comment_status":"closed","ping_status":"closed","template":"","meta":{"footnotes":""},"class_list":["post-163","page","type-page","status-publish","hentry"],"_links":{"self":[{"href":"http:\/\/arcesdg.cluster026.hosting.ovh.net\/index.php\/wp-json\/wp\/v2\/pages\/163","targetHints":{"allow":["GET"]}}],"collection":[{"href":"http:\/\/arcesdg.cluster026.hosting.ovh.net\/index.php\/wp-json\/wp\/v2\/pages"}],"about":[{"href":"http:\/\/arcesdg.cluster026.hosting.ovh.net\/index.php\/wp-json\/wp\/v2\/types\/page"}],"author":[{"embeddable":true,"href":"http:\/\/arcesdg.cluster026.hosting.ovh.net\/index.php\/wp-json\/wp\/v2\/users\/1"}],"replies":[{"embeddable":true,"href":"http:\/\/arcesdg.cluster026.hosting.ovh.net\/index.php\/wp-json\/wp\/v2\/comments?post=163"}],"version-history":[{"count":18,"href":"http:\/\/arcesdg.cluster026.hosting.ovh.net\/index.php\/wp-json\/wp\/v2\/pages\/163\/revisions"}],"predecessor-version":[{"id":2352,"href":"http:\/\/arcesdg.cluster026.hosting.ovh.net\/index.php\/wp-json\/wp\/v2\/pages\/163\/revisions\/2352"}],"wp:attachment":[{"href":"http:\/\/arcesdg.cluster026.hosting.ovh.net\/index.php\/wp-json\/wp\/v2\/media?parent=163"}],"curies":[{"name":"wp","href":"https:\/\/api.w.org\/{rel}","templated":true}]}}