{"id":151,"date":"2021-04-10T17:50:55","date_gmt":"2021-04-10T15:50:55","guid":{"rendered":"http:\/\/arcesdg.cluster026.hosting.ovh.net\/?page_id=151"},"modified":"2024-12-29T09:38:33","modified_gmt":"2024-12-29T08:38:33","slug":"cimetieres","status":"publish","type":"page","link":"http:\/\/arcesdg.cluster026.hosting.ovh.net\/index.php\/cimetieres\/","title":{"rendered":"Cimeti\u00e8res"},"content":{"rendered":"\n<p>Il y a deux cimeti\u00e8res l&rsquo;un \u00e0 Arces et l\u2019autre \u00e0 Dilo. Ils sont tous deux accessibles tout au long de l\u2019ann\u00e9e. La mairie est \u00e0 votre disposition pour les demandes d\u2019emplacement dans les cimeti\u00e8res municipaux, le colombarium et le jardin du souvenir.<\/p>\n\n\n\n<p>Pour retrouver ais\u00e9ment des informations sur les cimeti\u00e8res (recherche de d\u00e9funts, informations pratiques, etc.) Rendez-vous <a href=\"https:\/\/cimetiere.gescime.com\/arces-dilo-cimetiere-89320\" data-type=\"URL\" data-id=\"https:\/\/cimetiere.gescime.com\/arces-dilo-cimetiere-89320\" target=\"_blank\" rel=\"noreferrer noopener\">ici<\/a><\/p>\n\n\n\n<h2 class=\"wp-block-heading has-text-color\" id=\"les-tarifs-ci-dessous-sont-valables-pour-l-annee-2022\" style=\"color:#902b33\"><strong><em><strong>Les tarifs ci-dessous sont valables pour l\u2019ann\u00e9e 202<\/strong><\/em>5<\/strong>\u00a0:<\/h2>\n\n\n\n<h4 class=\"wp-block-heading\" id=\"cimetiere-tarifs-des-concessions\"><strong><em>Cimeti\u00e8re \u2013 Tarifs des concessions<\/em><\/strong><\/h4>\n\n\n\n<p style=\"line-height:0.5\">Trentenaire : 300 euros<\/p>\n\n\n\n<p style=\"line-height:0.5\">Cinquantenaire : 450 euros<\/p>\n\n\n\n<h4 class=\"wp-block-heading\" id=\"champs-d-urnes\"><strong><em>Champs d\u2019urnes<\/em><\/strong><\/h4>\n\n\n\n<p style=\"line-height:0.5\">Trentenaire : 175 euros<\/p>\n\n\n\n<p style=\"line-height:0.5\">Cinquantenaire : 250 euros<\/p>\n\n\n\n<h4 class=\"wp-block-heading\" id=\"columbarium-case-pour-quatre-urnes\"><strong><em><strong>Columbarium \u2013 Case pour quatre urnes<\/strong><\/em><\/strong><\/h4>\n\n\n\n<p style=\"line-height:0.5\">Trentenaire : 300 euros<\/p>\n\n\n\n<p style=\"line-height:0.5\">Cinquantenaire : 450 euros<\/p>\n\n\n\n<p><\/p>\n\n\n\n<p>Dans le cas d\u2019une concession temporaire arriv\u00e9e \u00e0 son terme, la commune recherche les ayants droits qui disposent de deux ans pour se manifester.<\/p>\n\n\n\n<p>Nombreuses concessions de nos cimeti\u00e8res n\u2019ont pas \u00e9t\u00e9 renouvel\u00e9es&nbsp;et les ayants droits ne sont pas toujours connus ; ainsi depuis le 25 octobre 2022 une plaquette est appos\u00e9e pr\u00e8s de ces emplacements pour informer les familles que leur concession est \u00e9chue et les invite \u00e0 se rapprocher des services de la mairie.<\/p>\n\n\n\n<p>Sans aucune d\u00e9marche des concessionnaires ou des ayants droits, la commune est en droit de r\u00e9cup\u00e9rer l\u2019emplacement.<\/p>\n","protected":false},"excerpt":{"rendered":"<p>Il y a deux cimeti\u00e8res l&rsquo;un \u00e0 Arces et l\u2019autre \u00e0 Dilo. Ils sont tous deux accessibles tout au long de l\u2019ann\u00e9e. La mairie est \u00e0 votre disposition pour les demandes d\u2019emplacement dans les cimeti\u00e8res municipaux, le colombarium et le jardin du souvenir. Pour retrouver ais\u00e9ment des informations sur les cimeti\u00e8res (recherche de d\u00e9funts, informations &hellip; <\/p>\n<p class=\"link-more\"><a href=\"http:\/\/arcesdg.cluster026.hosting.ovh.net\/index.php\/cimetieres\/\" class=\"more-link\">Continuer la lecture<span class=\"screen-reader-text\"> de &laquo;&nbsp;Cimeti\u00e8res&nbsp;&raquo;<\/span><\/a><\/p>\n","protected":false},"author":1,"featured_media":0,"parent":0,"menu_order":0,"comment_status":"closed","ping_status":"closed","template":"","meta":{"footnotes":""},"class_list":["post-151","page","type-page","status-publish","hentry"],"_links":{"self":[{"href":"http:\/\/arcesdg.cluster026.hosting.ovh.net\/index.php\/wp-json\/wp\/v2\/pages\/151","targetHints":{"allow":["GET"]}}],"collection":[{"href":"http:\/\/arcesdg.cluster026.hosting.ovh.net\/index.php\/wp-json\/wp\/v2\/pages"}],"about":[{"href":"http:\/\/arcesdg.cluster026.hosting.ovh.net\/index.php\/wp-json\/wp\/v2\/types\/page"}],"author":[{"embeddable":true,"href":"http:\/\/arcesdg.cluster026.hosting.ovh.net\/index.php\/wp-json\/wp\/v2\/users\/1"}],"replies":[{"embeddable":true,"href":"http:\/\/arcesdg.cluster026.hosting.ovh.net\/index.php\/wp-json\/wp\/v2\/comments?post=151"}],"version-history":[{"count":10,"href":"http:\/\/arcesdg.cluster026.hosting.ovh.net\/index.php\/wp-json\/wp\/v2\/pages\/151\/revisions"}],"predecessor-version":[{"id":2238,"href":"http:\/\/arcesdg.cluster026.hosting.ovh.net\/index.php\/wp-json\/wp\/v2\/pages\/151\/revisions\/2238"}],"wp:attachment":[{"href":"http:\/\/arcesdg.cluster026.hosting.ovh.net\/index.php\/wp-json\/wp\/v2\/media?parent=151"}],"curies":[{"name":"wp","href":"https:\/\/api.w.org\/{rel}","templated":true}]}}