{"id":142,"date":"2021-04-10T17:49:48","date_gmt":"2021-04-10T15:49:48","guid":{"rendered":"http:\/\/arcesdg.cluster026.hosting.ovh.net\/?page_id=142"},"modified":"2025-08-26T20:14:28","modified_gmt":"2025-08-26T18:14:28","slug":"agence-postale-communale","status":"publish","type":"page","link":"http:\/\/arcesdg.cluster026.hosting.ovh.net\/index.php\/agence-postale-communale\/","title":{"rendered":"Agence postale communale"},"content":{"rendered":"\n<div class=\"wp-block-columns is-layout-flex wp-container-core-columns-is-layout-9d6595d7 wp-block-columns-is-layout-flex\">\n<div class=\"wp-block-column is-layout-flow wp-block-column-is-layout-flow\" style=\"flex-basis:100%\"><div class=\"wp-block-image is-style-default\">\n<figure class=\"aligncenter size-large is-resized\"><img loading=\"lazy\" decoding=\"async\" width=\"688\" height=\"516\" src=\"http:\/\/arcesdg.cluster026.hosting.ovh.net\/wp-content\/uploads\/2021\/04\/laposte-edited.jpg\" alt=\"\" class=\"wp-image-427\" style=\"width:313px;height:234px\" srcset=\"http:\/\/arcesdg.cluster026.hosting.ovh.net\/wp-content\/uploads\/2021\/04\/laposte-edited.jpg 688w, http:\/\/arcesdg.cluster026.hosting.ovh.net\/wp-content\/uploads\/2021\/04\/laposte-edited-300x225.jpg 300w\" sizes=\"auto, (max-width: 688px) 100vw, 688px\" \/><\/figure>\n<\/div><\/div>\n<\/div>\n\n\n\n<div class=\"wp-block-group\"><div class=\"wp-block-group__inner-container is-layout-flow wp-block-group-is-layout-flow\">\n<h2 class=\"wp-block-heading has-text-align-center has-text-color\" style=\"color:#902b33\"><strong>Agence postale communale<\/strong><\/h2>\n\n\n\n<p class=\"has-text-align-center\" style=\"line-height:0.5\">25 Grande Rue \u00e0 Arces-Dilo<\/p>\n\n\n\n<p class=\"has-text-align-center\" style=\"line-height:0.5\">Ouverte du lundi au vendredi de 8h30 \u00e0 11h45<\/p>\n<\/div><\/div>\n\n\n\n<h2 class=\"wp-block-heading\"><\/h2>\n\n\n\n<figure class=\"wp-block-image size-large is-style-rounded\"><img loading=\"lazy\" decoding=\"async\" width=\"1024\" height=\"498\" src=\"http:\/\/arcesdg.cluster026.hosting.ovh.net\/wp-content\/uploads\/2022\/02\/tablette-poste2-1024x498.jpg\" alt=\"\" class=\"wp-image-940\" srcset=\"http:\/\/arcesdg.cluster026.hosting.ovh.net\/wp-content\/uploads\/2022\/02\/tablette-poste2-1024x498.jpg 1024w, http:\/\/arcesdg.cluster026.hosting.ovh.net\/wp-content\/uploads\/2022\/02\/tablette-poste2-300x146.jpg 300w, http:\/\/arcesdg.cluster026.hosting.ovh.net\/wp-content\/uploads\/2022\/02\/tablette-poste2-768x373.jpg 768w, http:\/\/arcesdg.cluster026.hosting.ovh.net\/wp-content\/uploads\/2022\/02\/tablette-poste2-1536x747.jpg 1536w, http:\/\/arcesdg.cluster026.hosting.ovh.net\/wp-content\/uploads\/2022\/02\/tablette-poste2.jpg 2016w\" sizes=\"auto, (max-width: 767px) 89vw, (max-width: 1000px) 54vw, (max-width: 1071px) 543px, 580px\" \/><\/figure>\n\n\n\n<p>Une tablette est mise \u00e0 disposition des habitants par \u00ab\u00a0La Poste\u00a0\u00bb pour se connecter aux sites internet de la mairie, de la communaut\u00e9 de communes, des entit\u00e9s administratives&#8230;<\/p>\n\n\n\n<figure class=\"wp-block-image size-large\"><img loading=\"lazy\" decoding=\"async\" width=\"768\" height=\"1024\" src=\"http:\/\/arcesdg.cluster026.hosting.ovh.net\/wp-content\/uploads\/2022\/02\/tablette-poste-768x1024.jpg\" alt=\"\" class=\"wp-image-939\" srcset=\"http:\/\/arcesdg.cluster026.hosting.ovh.net\/wp-content\/uploads\/2022\/02\/tablette-poste-768x1024.jpg 768w, http:\/\/arcesdg.cluster026.hosting.ovh.net\/wp-content\/uploads\/2022\/02\/tablette-poste-225x300.jpg 225w, http:\/\/arcesdg.cluster026.hosting.ovh.net\/wp-content\/uploads\/2022\/02\/tablette-poste-1152x1536.jpg 1152w, http:\/\/arcesdg.cluster026.hosting.ovh.net\/wp-content\/uploads\/2022\/02\/tablette-poste-1536x2048.jpg 1536w, http:\/\/arcesdg.cluster026.hosting.ovh.net\/wp-content\/uploads\/2022\/02\/tablette-poste-scaled.jpg 1920w\" sizes=\"auto, (max-width: 767px) 89vw, (max-width: 1000px) 54vw, (max-width: 1071px) 543px, 580px\" \/><\/figure>\n","protected":false},"excerpt":{"rendered":"<p>Agence postale communale 25 Grande Rue \u00e0 Arces-Dilo Ouverte du lundi au vendredi de 8h30 \u00e0 11h45 Une tablette est mise \u00e0 disposition des habitants par \u00ab\u00a0La Poste\u00a0\u00bb pour se connecter aux sites internet de la mairie, de la communaut\u00e9 de communes, des entit\u00e9s administratives&#8230;<\/p>\n","protected":false},"author":1,"featured_media":0,"parent":0,"menu_order":0,"comment_status":"closed","ping_status":"closed","template":"","meta":{"footnotes":""},"class_list":["post-142","page","type-page","status-publish","hentry"],"_links":{"self":[{"href":"http:\/\/arcesdg.cluster026.hosting.ovh.net\/index.php\/wp-json\/wp\/v2\/pages\/142","targetHints":{"allow":["GET"]}}],"collection":[{"href":"http:\/\/arcesdg.cluster026.hosting.ovh.net\/index.php\/wp-json\/wp\/v2\/pages"}],"about":[{"href":"http:\/\/arcesdg.cluster026.hosting.ovh.net\/index.php\/wp-json\/wp\/v2\/types\/page"}],"author":[{"embeddable":true,"href":"http:\/\/arcesdg.cluster026.hosting.ovh.net\/index.php\/wp-json\/wp\/v2\/users\/1"}],"replies":[{"embeddable":true,"href":"http:\/\/arcesdg.cluster026.hosting.ovh.net\/index.php\/wp-json\/wp\/v2\/comments?post=142"}],"version-history":[{"count":13,"href":"http:\/\/arcesdg.cluster026.hosting.ovh.net\/index.php\/wp-json\/wp\/v2\/pages\/142\/revisions"}],"predecessor-version":[{"id":2349,"href":"http:\/\/arcesdg.cluster026.hosting.ovh.net\/index.php\/wp-json\/wp\/v2\/pages\/142\/revisions\/2349"}],"wp:attachment":[{"href":"http:\/\/arcesdg.cluster026.hosting.ovh.net\/index.php\/wp-json\/wp\/v2\/media?parent=142"}],"curies":[{"name":"wp","href":"https:\/\/api.w.org\/{rel}","templated":true}]}}