{"id":1297,"date":"2023-01-28T12:59:59","date_gmt":"2023-01-28T11:59:59","guid":{"rendered":"http:\/\/arcesdg.cluster026.hosting.ovh.net\/?page_id=1297"},"modified":"2024-04-25T15:02:07","modified_gmt":"2024-04-25T13:02:07","slug":"petite-enfance","status":"publish","type":"page","link":"http:\/\/arcesdg.cluster026.hosting.ovh.net\/index.php\/petite-enfance\/","title":{"rendered":"Accueil p\u00e9riscolaire"},"content":{"rendered":"\n<p>Accueil p\u00e9riscolaire : du lundi au vendredi de 7h15 \u00e0 9h00 et de 16h30 \u00e0 18h30 sous la responsabilit\u00e9 de Madame Lucie NAUDOT (Directrice) et de Madame Johana TELLIER (Agent d&rsquo;Animation).<\/p>\n","protected":false},"excerpt":{"rendered":"<p>Accueil p\u00e9riscolaire : du lundi au vendredi de 7h15 \u00e0 9h00 et de 16h30 \u00e0 18h30 sous la responsabilit\u00e9 de Madame Lucie NAUDOT (Directrice) et de Madame Johana TELLIER (Agent d&rsquo;Animation).<\/p>\n","protected":false},"author":1,"featured_media":0,"parent":0,"menu_order":0,"comment_status":"closed","ping_status":"closed","template":"","meta":{"footnotes":""},"class_list":["post-1297","page","type-page","status-publish","hentry"],"_links":{"self":[{"href":"http:\/\/arcesdg.cluster026.hosting.ovh.net\/index.php\/wp-json\/wp\/v2\/pages\/1297","targetHints":{"allow":["GET"]}}],"collection":[{"href":"http:\/\/arcesdg.cluster026.hosting.ovh.net\/index.php\/wp-json\/wp\/v2\/pages"}],"about":[{"href":"http:\/\/arcesdg.cluster026.hosting.ovh.net\/index.php\/wp-json\/wp\/v2\/types\/page"}],"author":[{"embeddable":true,"href":"http:\/\/arcesdg.cluster026.hosting.ovh.net\/index.php\/wp-json\/wp\/v2\/users\/1"}],"replies":[{"embeddable":true,"href":"http:\/\/arcesdg.cluster026.hosting.ovh.net\/index.php\/wp-json\/wp\/v2\/comments?post=1297"}],"version-history":[{"count":5,"href":"http:\/\/arcesdg.cluster026.hosting.ovh.net\/index.php\/wp-json\/wp\/v2\/pages\/1297\/revisions"}],"predecessor-version":[{"id":1953,"href":"http:\/\/arcesdg.cluster026.hosting.ovh.net\/index.php\/wp-json\/wp\/v2\/pages\/1297\/revisions\/1953"}],"wp:attachment":[{"href":"http:\/\/arcesdg.cluster026.hosting.ovh.net\/index.php\/wp-json\/wp\/v2\/media?parent=1297"}],"curies":[{"name":"wp","href":"https:\/\/api.w.org\/{rel}","templated":true}]}}