{"id":115,"date":"2021-04-10T17:41:37","date_gmt":"2021-04-10T15:41:37","guid":{"rendered":"http:\/\/arcesdg.cluster026.hosting.ovh.net\/?page_id=115"},"modified":"2021-11-10T07:32:45","modified_gmt":"2021-11-10T06:32:45","slug":"regles-de-vie","status":"publish","type":"page","link":"http:\/\/arcesdg.cluster026.hosting.ovh.net\/index.php\/regles-de-vie\/","title":{"rendered":"R\u00e8gles de vie"},"content":{"rendered":"\n<p><strong>Travaux de bricolage et de jardinage :<\/strong><\/p>\n\n\n\n<p>Dans les propri\u00e9t\u00e9s priv\u00e9es, tous ces travaux, susceptibles de causer une g\u00eane pour le voisinage en raison de leur intensit\u00e9 sonore (tondeuses, tron\u00e7onneuses, perceuses&#8230;), ne peuvent \u00eatre effectu\u00e9s que :<\/p>\n\n\n\n<p class=\"has-vivid-red-color has-text-color\"> &#8211; Les jours ouvrables de 8h30 \u00e0 12h00 et de 14h \u00e0 19h00.<\/p>\n\n\n\n<p class=\"has-vivid-red-color has-text-color\">&#8211; Les samedis de 9h00 \u00e0 12h00 et de 15h00 \u00e0 19h00.<\/p>\n\n\n\n<p class=\"has-vivid-red-color has-text-color\">&#8211; Les dimanches et jours f\u00e9ri\u00e9s de 10h00 \u00e0 12h00 et de 16h00 \u00e0 18h00.<\/p>\n\n\n\n<p><\/p>\n\n\n\n<p><strong>\u00c9limination des d\u00e9chets verts :<\/strong><\/p>\n\n\n\n<p>Nous vous rappelons que le br\u00fblage des d\u00e9chets verts est interdit. <\/p>\n\n\n\n<p>Les d\u00e9chets verts doivent \u00eatre achemin\u00e9s \u00e0 la d\u00e9ch\u00e8terie de Cerisiers ou de Villeneuve l&rsquo;Archev\u00eaque (voir les horaires ici).<\/p>\n\n\n\n<p><\/p>\n\n\n\n<p><strong>Elagage :<\/strong><\/p>\n\n\n\n<p>Conform\u00e9ment \u00e0 la loi, les arbres et les haies doivent \u00eatre taill\u00e9s de fa\u00e7on \u00e0 ne pas d\u00e9passer la limite de propri\u00e9t\u00e9, que ce soit avec la voie publique (rue, trottoir, chemin communal) ou le voisinage. Les arbres ou les haies ne doivent pas non plus cacher l&rsquo;\u00e9clairage public, les panneaux de signalisation routi\u00e8re, ni g\u00eaner les c\u00e2bles a\u00e9riens (\u00e9lectricit\u00e9 ou t\u00e9l\u00e9phone).<\/p>\n\n\n\n<p><\/p>\n\n\n\n<p><strong>Animaux domestiques :<\/strong><\/p>\n\n\n\n<p>Les propri\u00e9taires d&rsquo;animaux et ceux qui en ont la garde sont tenus de prendre toutes les mesures pour pr\u00e9server la tranquillit\u00e9 et la sant\u00e9 des voisins, de jour comme de nuit.<\/p>\n\n\n\n<p>Il est interdit de laisser aboyer un chien dans un logement, sur un balcon, dans une cour&#8230; sans que le responsable ne puisse \u00e0 tout moment faire cesser les aboiements. La gendarmerie veillera au respect de ces r\u00e8gles.<\/p>\n\n\n\n<p>Ramassez les d\u00e9jections de votre animal : Ce geste simple et responsable permettrait \u00e0 notre village de rester propre. Vous avez \u00e0 votre disposition des distributeurs de <strong>\u00ab\u00a0ramasse-crottes\u00a0\u00bb<\/strong>.<\/p>\n","protected":false},"excerpt":{"rendered":"<p>Travaux de bricolage et de jardinage : Dans les propri\u00e9t\u00e9s priv\u00e9es, tous ces travaux, susceptibles de causer une g\u00eane pour le voisinage en raison de leur intensit\u00e9 sonore (tondeuses, tron\u00e7onneuses, perceuses&#8230;), ne peuvent \u00eatre effectu\u00e9s que : &#8211; Les jours ouvrables de 8h30 \u00e0 12h00 et de 14h \u00e0 19h00. &#8211; Les samedis de 9h00 &hellip; <\/p>\n<p class=\"link-more\"><a href=\"http:\/\/arcesdg.cluster026.hosting.ovh.net\/index.php\/regles-de-vie\/\" class=\"more-link\">Continuer la lecture<span class=\"screen-reader-text\"> de &laquo;&nbsp;R\u00e8gles de vie&nbsp;&raquo;<\/span><\/a><\/p>\n","protected":false},"author":1,"featured_media":0,"parent":0,"menu_order":0,"comment_status":"closed","ping_status":"closed","template":"","meta":{"footnotes":""},"class_list":["post-115","page","type-page","status-publish","hentry"],"_links":{"self":[{"href":"http:\/\/arcesdg.cluster026.hosting.ovh.net\/index.php\/wp-json\/wp\/v2\/pages\/115","targetHints":{"allow":["GET"]}}],"collection":[{"href":"http:\/\/arcesdg.cluster026.hosting.ovh.net\/index.php\/wp-json\/wp\/v2\/pages"}],"about":[{"href":"http:\/\/arcesdg.cluster026.hosting.ovh.net\/index.php\/wp-json\/wp\/v2\/types\/page"}],"author":[{"embeddable":true,"href":"http:\/\/arcesdg.cluster026.hosting.ovh.net\/index.php\/wp-json\/wp\/v2\/users\/1"}],"replies":[{"embeddable":true,"href":"http:\/\/arcesdg.cluster026.hosting.ovh.net\/index.php\/wp-json\/wp\/v2\/comments?post=115"}],"version-history":[{"count":8,"href":"http:\/\/arcesdg.cluster026.hosting.ovh.net\/index.php\/wp-json\/wp\/v2\/pages\/115\/revisions"}],"predecessor-version":[{"id":762,"href":"http:\/\/arcesdg.cluster026.hosting.ovh.net\/index.php\/wp-json\/wp\/v2\/pages\/115\/revisions\/762"}],"wp:attachment":[{"href":"http:\/\/arcesdg.cluster026.hosting.ovh.net\/index.php\/wp-json\/wp\/v2\/media?parent=115"}],"curies":[{"name":"wp","href":"https:\/\/api.w.org\/{rel}","templated":true}]}}