{"id":112,"date":"2021-04-10T17:41:18","date_gmt":"2021-04-10T15:41:18","guid":{"rendered":"http:\/\/arcesdg.cluster026.hosting.ovh.net\/?page_id=112"},"modified":"2025-08-26T20:11:39","modified_gmt":"2025-08-26T18:11:39","slug":"commerces-et-entreprises","status":"publish","type":"page","link":"http:\/\/arcesdg.cluster026.hosting.ovh.net\/index.php\/commerces-et-entreprises\/","title":{"rendered":"Commerces et entreprises"},"content":{"rendered":"\n<h2 class=\"wp-block-heading has-text-color\" id=\"alimentation\" style=\"color:#902b33\"><strong>Alimentation<\/strong><\/h2>\n\n\n\n<p>&#8211; Croqu&rsquo;Hexagone (Traiteur ) : 03.58.45.25.52<\/p>\n\n\n\n<p> &#8211; Le Coin des Gourmands (Traiteur sur march\u00e9) : 06.78.64.03.93<\/p>\n\n\n\n<p>&#8211; La Ferme aux Cailloux (Produits bio) : 06.70.48.76.40<\/p>\n\n\n\n<p><a href=\"http:\/\/lafermeauxcailloux-legumes-bio.fr\/\" target=\"_blank\" rel=\"noreferrer noopener\">http:\/\/lafermeauxcailloux-legumes-bio.fr\/<\/a><\/p>\n\n\n\n<h2 class=\"wp-block-heading has-text-color\" id=\"se-reposer\" style=\"color:#902b33\"><strong>Se reposer<\/strong><\/h2>\n\n\n\n<p>&#8211; G\u00eete (Les Menus Bois) : 06.30.10.90.82<\/p>\n\n\n\n<h2 class=\"wp-block-heading has-text-color\" id=\"renover\" style=\"color:#902b33\"><strong>R\u00e9nover<\/strong><\/h2>\n\n\n\n<p>&#8211; SARL PRETRE (Charpente) : 06.50.43.77.45<\/p>\n\n\n\n<p>&#8211; GRITZZOUK Ga\u00ebl (Plomberie-Chauffage) : 07.80.31.85.15<\/p>\n\n\n\n<p>&#8211; PISSIER Laurent (Peinture-Plaquiste) : 03.86.88.02.11<\/p>\n\n\n\n<p>&#8211; BONNET Nicolas (Taille de pierre) : 03.86.88.00.38<\/p>\n\n\n\n<p>&#8211; JLC BAT (Entreprise g\u00e9n\u00e9rale du b\u00e2timent) : 06.27.25.54.97 \/ <a href=\"mailto:jlcbat89@outlook.fr\">jlcbat89@outlook.fr<\/a><\/p>\n\n\n\n<h2 class=\"wp-block-heading has-text-color\" id=\"entretien\" style=\"color:#902b33\"><strong>Entretien<\/strong><\/h2>\n\n\n\n<p>&#8211; GUINARD Laurent (Espaces verts) : 03.86.88.12.07<\/p>\n\n\n\n<p>&#8211; CSEVE (Espaces verts) : 06.21.34.91.97<\/p>\n\n\n\n<p>&#8211; VIE Christian (Espaces verts) : 07.69.83.06.44<\/p>\n\n\n\n<p>&#8211; ROUSSELLE J\u00e9r\u00f4me (Multiservices) : 06.21.21.49.06<\/p>\n\n\n\n<h2 class=\"wp-block-heading has-text-color\" id=\"decouvrir\" style=\"color:#902b33\"><strong>D\u00e9couvrir<\/strong><\/h2>\n\n\n\n<p>&#8211; L&rsquo;Atelier de Caroline (Broderie) : 06.73.60.45.34<\/p>\n\n\n\n<p>&#8211; LEFEVRE Christelle (Couture) : 06.14.44.26.64<\/p>\n\n\n\n<p>&#8211; SAVY Jean-Luc (Assistance Administrative) : 06.13.31.66.06<\/p>\n\n\n\n<p>&#8211; J-S Location (Location de vaisselle) : 06.58.13.15.45<\/p>\n","protected":false},"excerpt":{"rendered":"<p>Alimentation &#8211; Croqu&rsquo;Hexagone (Traiteur ) : 03.58.45.25.52 &#8211; Le Coin des Gourmands (Traiteur sur march\u00e9) : 06.78.64.03.93 &#8211; La Ferme aux Cailloux (Produits bio) : 06.70.48.76.40 http:\/\/lafermeauxcailloux-legumes-bio.fr\/ Se reposer &#8211; G\u00eete (Les Menus Bois) : 06.30.10.90.82 R\u00e9nover &#8211; SARL PRETRE (Charpente) : 06.50.43.77.45 &#8211; GRITZZOUK Ga\u00ebl (Plomberie-Chauffage) : 07.80.31.85.15 &#8211; PISSIER Laurent (Peinture-Plaquiste) : 03.86.88.02.11 &hellip; <\/p>\n<p class=\"link-more\"><a href=\"http:\/\/arcesdg.cluster026.hosting.ovh.net\/index.php\/commerces-et-entreprises\/\" class=\"more-link\">Continuer la lecture<span class=\"screen-reader-text\"> de &laquo;&nbsp;Commerces et entreprises&nbsp;&raquo;<\/span><\/a><\/p>\n","protected":false},"author":1,"featured_media":0,"parent":0,"menu_order":0,"comment_status":"closed","ping_status":"closed","template":"","meta":{"footnotes":""},"class_list":["post-112","page","type-page","status-publish","hentry"],"_links":{"self":[{"href":"http:\/\/arcesdg.cluster026.hosting.ovh.net\/index.php\/wp-json\/wp\/v2\/pages\/112","targetHints":{"allow":["GET"]}}],"collection":[{"href":"http:\/\/arcesdg.cluster026.hosting.ovh.net\/index.php\/wp-json\/wp\/v2\/pages"}],"about":[{"href":"http:\/\/arcesdg.cluster026.hosting.ovh.net\/index.php\/wp-json\/wp\/v2\/types\/page"}],"author":[{"embeddable":true,"href":"http:\/\/arcesdg.cluster026.hosting.ovh.net\/index.php\/wp-json\/wp\/v2\/users\/1"}],"replies":[{"embeddable":true,"href":"http:\/\/arcesdg.cluster026.hosting.ovh.net\/index.php\/wp-json\/wp\/v2\/comments?post=112"}],"version-history":[{"count":19,"href":"http:\/\/arcesdg.cluster026.hosting.ovh.net\/index.php\/wp-json\/wp\/v2\/pages\/112\/revisions"}],"predecessor-version":[{"id":2346,"href":"http:\/\/arcesdg.cluster026.hosting.ovh.net\/index.php\/wp-json\/wp\/v2\/pages\/112\/revisions\/2346"}],"wp:attachment":[{"href":"http:\/\/arcesdg.cluster026.hosting.ovh.net\/index.php\/wp-json\/wp\/v2\/media?parent=112"}],"curies":[{"name":"wp","href":"https:\/\/api.w.org\/{rel}","templated":true}]}}